{"id":119,"date":"2022-02-22T12:03:48","date_gmt":"2022-02-22T12:03:48","guid":{"rendered":"https:\/\/fassadenprojektion.at\/?page_id=119"},"modified":"2022-02-22T12:07:52","modified_gmt":"2022-02-22T12:07:52","slug":"agb","status":"publish","type":"page","link":"https:\/\/fassadenprojektion.at\/index.php\/agb\/","title":{"rendered":"AGB"},"content":{"rendered":"\n<h4 class=\"wp-block-heading\" id=\"das-grosse-kleingedruckte-agbs\"><em><strong>Das gro\u00dfe Kleingedruckte (AGBs).<\/strong><\/em><\/h4>\n\n\n\n<p>Wir haben keine versteckten Klauseln. Eigentlich ist es ganz einfach:<\/p>\n\n\n\n<p>1.) Alle Preise verstehen sich netto zzgl. geltender \u00f6sterreichischer Umsatzsteuer (20%). Wenn nicht anders angegeben, beziehen sich s\u00e4mtliche Preisangaben auf eine Tagesmiete des betreffenden Mietgegenstands.<\/p>\n\n\n\n<p>2.) Ein Gesch\u00e4ftsverh\u00e4ltnis beziehungsweise Mietvertrag kommt durch Bestellung Ihrerseits und Annahme des Auftrags unsererseits (schriftlich) zustande.<\/p>\n\n\n\n<p>3.) Mietzeitraum: Sofern nicht schriftlich anders vereinbart, gilt der Mietzeitraum als auf einen Tag beschr\u00e4nkt. In der Regel bedeutet dies einen Mietzeitraum von 24 Stunden.<\/p>\n\n\n\n<p>4.) Gefahren\u00fcbergang und Haftung: Die jeweiige Partei in-obligo, jene also, die sich im Besitz der Ger\u00e4tschaften befindet, haftet f\u00fcr deren sorgsame Behandlung und Unversehrtheit. Das hei\u00dft, dass etwaige Sch\u00e4den, die \u00fcber eine \u00fcbliche Abnutzung hinausgehen, zu kompensieren beziehungsweise zu ersetzen sind.<\/p>\n\n\n\n<p>5.) Die (Schaden-)Ersatzpflicht gilt f\u00fcr den Kunden insbesonders im Fall von Diebstahl beziehungsweise Verlust unseres Eigentums. Wir empfehlen daher den Abschluss einer dezidierten Versicherung bei sonstiger pers\u00f6nlicher Haftung durch den Kunden.<\/p>\n\n\n\n<p>Grundlegend gilt, dass die Partei haftet, die mit dem Equipment hantiert. Bei Abholung und Eigenbetreuung unserer Ger\u00e4tschaften durch den Kunden haftet dieser vom Zeitpunkt der Equipment\u00fcbergabe bis zur Retournierung. Zur beidseitigen Sicherheit ist jeweils ein \u00dcbernahme- \/ \u00dcbergabeprotokoll anzufertigen. Wird dies unterlassen, gilt ein \u00fcblicher gebrauchter, technisch aber einwandfreier Zustand der Ware als allseitig anerkannt.<\/p>\n\n\n\n<p>Bei Lieferung durch uns und Betreuung der Ger\u00e4tschaften durch den Kunden findet der Haftungs\u00fcbergang zum Zeitpunkt der \u00dcbernahme beziehungsweise \u00dcbergabe durch respektive vom Kunden statt. Es ist ebenfalls ein entsprechendes Protokoll anzufertigen.<\/p>\n\n\n\n<p>Im Falle der kompletten Serviceleistung durch uns, beamermieten.at, liegt die Haftung f\u00fcr eine etwaige Besch\u00e4digung und \/ oder Verlust der Ger\u00e4tschaften konsequenter Weise in unserem Bereich. Ein Verlust, der durch Diebstahl im r\u00e4umlichen Bereich des Auftraggebers geschieht, ist nichts destotrotz von ebendiesem abzuwickeln bzw. f\u00e4llt dessen Haftung anbei.<\/p>\n\n\n\n<p>Der Kunde ist jedenfalls verpflichtet, alles in seiner Macht stehende zu tun, um Besch\u00e4digungen \/ Verlust \/ Diebstahl m\u00f6glichst zu unterbinden. Dies gilt bei eigener Abholung \/ R\u00fcckf\u00fchrung und Betreuung gleichwie im Falle der Abwicklung durch uns. Als Referenz f\u00fcr einen sorgf\u00e4ltigen Umgang mit unserer Ausr\u00fcstung k\u00f6nnen diesbez\u00fcglich einschl\u00e4gige (Haftpflicht-)Polizzen beziehugnsweise Versicherungsvertr\u00e4ge betrachtet werden, die eine entsprechende Sorgsamkeitsverpflichtung oder auch, beispielsweise, das Einsperren von Ger\u00e4tschaften bei Nichtbenutzung vorsehen.<\/p>\n\n\n\n<p>6.) Haftungsausschluss: Keine Partei haftet f\u00fcr etwaige Sch\u00e4den und \/ oder gesch\u00e4ftliche Peripherien, die \u00fcber das eigentliche Mietgesch\u00e4ft hinausgehen.<\/p>\n\n\n\n<p>Insbesonders ist dabei die M\u00f6glichkeit einer etwaigen Fehlfunktion respektive eines insgesamten Funktionsausfalls einer technischen Ausr\u00fcstung zu verstehen. Beamermieten.at ist zur gr\u00f6\u00dftm\u00f6glichen Sorgfalt verpflichtet und wird seine Ger\u00e4tschaften stets ordentlich instand halten. Im Falle einer Fehlfunktion wird beamermieten.at alles in seiner Macht stehende tun, um die ordnungsgem\u00e4\u00dfe Funktion zu gw\u00e4hrleisten. Beispielsweise kann dies durch Stellen eines Ersatz-Equipments geschehen, wobei in diesem \/ so einem Fall die Entscheidung \u00fcber das einzusetzende Ersatzger\u00e4t bei beamermieten.at liegt.<\/p>\n\n\n\n<p>Kommt der Fall einer Ersatz-Stellung zur Anwendung, so wird beamermieten.at etwaige Weniger-Kosten laut Preisliste \/ Listenpreis zum Zeitpunkt der Buchung refundieren. Mehrkosten durch h\u00f6herwertiges Equipment gehen zulasten von beamermieten.at, werden also nicht dem Kunden in Rechnung gestellt. Im Fall von Individualangeboten mit abweichenden Preisen erfolgt eine etwaige Refundierung bis zur H\u00f6he des Listenpreises des eingesetzten \u2013 g\u00fcnstigeren \u2013 Ger\u00e4ts.<\/p>\n\n\n\n<p>Trotz gr\u00f6\u00dfter Sorgfalt vonseiten beamermieten.at kann es unvorhergesehen zu einer Funktionsst\u00f6rung und sogar einem Totalausfall kommen. Beamermieten.at haftet dabei in keinem Fall f\u00fcr etwaige, \u00fcber das gegenst\u00e4ndliche Mietgesch\u00e4ft hinausgehende (Folge-)Sch\u00e4den durch Unregelm\u00e4\u00dfigkeiten bei einer Veranstaltung. Allem voran ist damit jegliche Haftung f\u00fcr finanzielle (Folge-)Sch\u00e4den und \/ oder Gewinnentgangsszenarien dezidiert ausgeschlossen.<\/p>\n\n\n\n<p>7.) Im Fall eines anderen Gesch\u00e4fts:<\/p>\n\n\n\n<ul class=\"wp-block-list\"><li>Kauf und Verkauf<\/li><li>Servicearbeiten (Installationen, \u2026)<\/li><\/ul>\n\n\n\n<p>In oben genannten F\u00e4llen gilt: Jede von uns gelieferte Ware verbleibt bis zur vollst\u00e4ndigen Bezahlung im Eigentum der Firma beamermieten.at \/ Fa. Rainer Adelsberger BA MA MA MA. Im Falle einer Nicht-Bezahlung sp\u00e4testens nach Aufforderung geht die Ware wieder in den Besitz des liefernden \/ leistenden Unternehmens \u00fcber. Entstehen dadurch Mehrkosten, sind diese ebenfalls vom Kunden \/ Auftraggeber zu bezahlen.<\/p>\n\n\n\n<p>Besondere Bestimmung im Fall einer Pf\u00e4ndung bzw. Exekution; Der Kunde ist daf\u00fcr verantwortlich, dass durch uns in jedem Gesch\u00e4ftsfall bereitgestellte\/s Equipment und Ger\u00e4tschaften entsprd.&nbsp; Pkt.4-5 pfleglich und dem origin\u00e4ren Bestimmungszweck entsprechend behandelt werden. Dies schlie\u00dft auch eine erweiterte Sorgfaltspflicht im Fall juristischer Zwangsma\u00dfnahmen (bspw.: Exekutionen \/ Pf\u00e4ndungen durch Dritte) ein. Der Kunde hat daf\u00fcr zu sorgen, dass \u2013 entsprechend dem gegenst\u00e4ndlichen Eigentumsvorbehalt \u2013 nicht vollst\u00e4ndig bezahlte Ware zumindest in der eigenen Verf\u00fcgung verbleiben.<\/p>\n\n\n\n<p>Sofern nicht \u2013 beispielsweise im B2B-Gesch\u00e4ftsverkehr \u2013 anders ausgeschildert, besteht f\u00fcr Konsument\/Innen jedenfalls die gesetzliche Gew\u00e4hrleistung.<\/p>\n\n\n\n<p>8.) Externe Links: beamermieten.at pr\u00fcft externe Verlinkungen selbstverst\u00e4ndlich mit gr\u00f6\u00dftm\u00f6glicher Sorgfalt. Dennoch \u00fcbernehmen wir keine Haftung f\u00fcr Inhalte aus externen Seiten beziehungsweise distanzieren wir uns explizit davon.<\/p>\n\n\n\n<p>9.) Rechtsstand, anzuwendendes Recht und salvatorische Klausel: Der Rechts- beziehungsweise Gerichtsstandort ist Wien. Es gilt unabh\u00e4ngig dieser allgemeinen Gesch\u00e4ftsbedingungen (\u201cAGBs\u201d) \u00f6sterreichisches Recht. Sofern sich in einem konkreten Szenario ein Vertragspunkt als unwirksam herausstellt, ist sinngleiches subsidi\u00e4res Recht anzuwenden und bleiben die anderen Passi davon unber\u00fchrt.<\/p>\n","protected":false},"excerpt":{"rendered":"<p>Das gro\u00dfe Kleingedruckte (AGBs). Wir haben keine versteckten Klauseln. Eigentlich ist es ganz einfach: 1.) Alle Preise verstehen sich netto zzgl. geltender<\/p>\n<p class=\"link-more\"><a class=\"myButt \" href=\"https:\/\/fassadenprojektion.at\/index.php\/agb\/\">Read More<\/a><\/p>\n","protected":false},"author":1,"featured_media":0,"parent":0,"menu_order":0,"comment_status":"closed","ping_status":"closed","template":"","meta":{"footnotes":""},"class_list":["post-119","page","type-page","status-publish","hentry"],"_links":{"self":[{"href":"https:\/\/fassadenprojektion.at\/index.php\/wp-json\/wp\/v2\/pages\/119","targetHints":{"allow":["GET"]}}],"collection":[{"href":"https:\/\/fassadenprojektion.at\/index.php\/wp-json\/wp\/v2\/pages"}],"about":[{"href":"https:\/\/fassadenprojektion.at\/index.php\/wp-json\/wp\/v2\/types\/page"}],"author":[{"embeddable":true,"href":"https:\/\/fassadenprojektion.at\/index.php\/wp-json\/wp\/v2\/users\/1"}],"replies":[{"embeddable":true,"href":"https:\/\/fassadenprojektion.at\/index.php\/wp-json\/wp\/v2\/comments?post=119"}],"version-history":[{"count":3,"href":"https:\/\/fassadenprojektion.at\/index.php\/wp-json\/wp\/v2\/pages\/119\/revisions"}],"predecessor-version":[{"id":126,"href":"https:\/\/fassadenprojektion.at\/index.php\/wp-json\/wp\/v2\/pages\/119\/revisions\/126"}],"wp:attachment":[{"href":"https:\/\/fassadenprojektion.at\/index.php\/wp-json\/wp\/v2\/media?parent=119"}],"curies":[{"name":"wp","href":"https:\/\/api.w.org\/{rel}","templated":true}]}}