{"id":89,"date":"2022-02-16T12:59:16","date_gmt":"2022-02-16T12:59:16","guid":{"rendered":"https:\/\/fassadenprojektion.at\/?page_id=89"},"modified":"2022-02-22T20:24:42","modified_gmt":"2022-02-22T20:24:42","slug":"2-d-content","status":"publish","type":"page","link":"https:\/\/fassadenprojektion.at\/index.php\/2-d-content\/","title":{"rendered":"2-D Content"},"content":{"rendered":"\n<h2 class=\"wp-block-heading\" id=\"fassadenprojektion-auf-ebene-flachen\">Fassadenprojektion auf ebene Fl\u00e4chen.<\/h2>\n\n\n\n<p>Wir realisieren Gro\u00dfbild- und Fassadenprojektionen auf unterschiedliche Objekte. Im einfachsten Fall ist das eine wei\u00dfe Leinwand. Diese erhalten Sie bei uns in Wien und St. P\u00f6lten in unterschiedlichen Gr\u00f6\u00dfen bis etwa 6 Meter Bildbreite. Im Fall einer Fassadenprojektion wird in der Regel allerdings direkt auf ein Geb\u00e4ude bzw. die Fassade eines Geb\u00e4udes projiziert. Daf\u00fcr sind meist sehr starke Projektoren wichtig.<\/p>\n\n\n\n<figure class=\"wp-block-image size-large\"><img loading=\"lazy\" decoding=\"async\" width=\"1024\" height=\"637\" src=\"https:\/\/fassadenprojektion.at\/wp-content\/uploads\/2022\/02\/IMG_20211002_185944_137-1024x637.jpg\" alt=\"\" class=\"wp-image-131\" srcset=\"https:\/\/fassadenprojektion.at\/wp-content\/uploads\/2022\/02\/IMG_20211002_185944_137-1024x637.jpg 1024w, https:\/\/fassadenprojektion.at\/wp-content\/uploads\/2022\/02\/IMG_20211002_185944_137-300x187.jpg 300w, https:\/\/fassadenprojektion.at\/wp-content\/uploads\/2022\/02\/IMG_20211002_185944_137-768x478.jpg 768w, https:\/\/fassadenprojektion.at\/wp-content\/uploads\/2022\/02\/IMG_20211002_185944_137-1536x956.jpg 1536w, https:\/\/fassadenprojektion.at\/wp-content\/uploads\/2022\/02\/IMG_20211002_185944_137.jpg 1600w\" sizes=\"auto, (max-width: 1024px) 100vw, 1024px\" \/><figcaption>Das Technische Museum in Wien: Hier realisierten wir 2021 eine Fixinstallation auf Basis eines Panasonic 27.000 ANSI-Lumen 4-K Projektors<\/figcaption><\/figure>\n\n\n\n<p><\/p>\n\n\n\n<p>Mit unseren Projektoren realisieren wir Bildbreiten und Fassadenprojektionen mit bis zu 40 Metern pro Ger\u00e4t. Durch den Einsatz mehrer Projektoren sind auch weit gr\u00f6\u00dfere Fassadenprojektionen ohne Weiteres m\u00f6glich. <\/p>\n\n\n\n<p>Setzt sich eine Fassadenprojektion aus den Bildern mehrerer Beamer \/ Projektoren zusammen, dann ist auf eine exakte Aneinanderreihung zu achten: Die einzelen Bilder m\u00fcssen pixelgenau angepasst werden. Wir nutzen dazu leistungsstarke Medienserver (Pixera, &#8230;) um ein immersives Erlebnis zu kreieren.<\/p>\n\n\n\n<figure class=\"wp-block-image size-large\"><img loading=\"lazy\" decoding=\"async\" width=\"1024\" height=\"573\" src=\"https:\/\/fassadenprojektion.at\/wp-content\/uploads\/2022\/02\/cropped-TMW3-1024x573.jpg\" alt=\"\" class=\"wp-image-55\" srcset=\"https:\/\/fassadenprojektion.at\/wp-content\/uploads\/2022\/02\/cropped-TMW3-1024x573.jpg 1024w, https:\/\/fassadenprojektion.at\/wp-content\/uploads\/2022\/02\/cropped-TMW3-300x168.jpg 300w, https:\/\/fassadenprojektion.at\/wp-content\/uploads\/2022\/02\/cropped-TMW3-768x430.jpg 768w, https:\/\/fassadenprojektion.at\/wp-content\/uploads\/2022\/02\/cropped-TMW3-1536x859.jpg 1536w, https:\/\/fassadenprojektion.at\/wp-content\/uploads\/2022\/02\/cropped-TMW3.jpg 1600w\" sizes=\"auto, (max-width: 1024px) 100vw, 1024px\" \/><figcaption>Immersives Erlebnis in 4K-Qualit\u00e4t: Die Fassade des Technischen Museum Wien mit knapp 40 Metern Bildbreite und rd. 25 Metern H\u00f6he<\/figcaption><\/figure>\n\n\n\n<p>Fassadenprojektionen k\u00f6nnen zur Darstellung unterschiedlicher Inhalte eingesetzt werden: Setzen Sie ein Geb\u00e4ude k\u00fcnstlerisch in Szene und \/ oder nutzen Sie die M\u00f6glichkeit, die Fassade Ihrer Objekts auch als Werbefl\u00e4che zu inszenieren. Letzteres kann insbesonders dann eine spannende Option darstelle, wenn Ihr Geb\u00e4ude an einem frequentierten Ort liegt. In so einem Fall generieren Sie einen immersiven Mehrwert.<\/p>\n\n\n\n<h2 class=\"wp-block-heading\" id=\"fassadenprojektion-beamer-mieten\">Fassadenprojektion &#8211; Beamer mieten?<\/h2>\n\n\n\n<p>F\u00fcr spontane bzw. einmalige oder zeitlich begrenzte Aktionen macht die Miete eines leistungsstarken Projektors aus unserem Verleih in Wien wahrscheinlich Sinn: F\u00fcr eine Fassadeprojektion kommen fast ausschlie\u00dflich Projektoren \/ Beamer aus unserem Verleih in Wien und St. P\u00f6lten der oberen Leistungsklasse infrage. Kleinere Beamer mieten Sie idealerweise f\u00fcr Veranstaltungen bzw Projektionen im Innenbereich. Im Au\u00dfenbereich sind Ger\u00e4te jenseits der 10.000-ANSI-Lumen interessant.<\/p>\n\n\n\n<figure class=\"wp-block-image size-large\"><img loading=\"lazy\" decoding=\"async\" width=\"1024\" height=\"683\" src=\"https:\/\/fassadenprojektion.at\/wp-content\/uploads\/2022\/02\/IMG_20210126_1311257-1024x683.jpg\" alt=\"\" class=\"wp-image-133\" srcset=\"https:\/\/fassadenprojektion.at\/wp-content\/uploads\/2022\/02\/IMG_20210126_1311257-1024x683.jpg 1024w, https:\/\/fassadenprojektion.at\/wp-content\/uploads\/2022\/02\/IMG_20210126_1311257-300x200.jpg 300w, https:\/\/fassadenprojektion.at\/wp-content\/uploads\/2022\/02\/IMG_20210126_1311257-768x512.jpg 768w, https:\/\/fassadenprojektion.at\/wp-content\/uploads\/2022\/02\/IMG_20210126_1311257-1536x1024.jpg 1536w, https:\/\/fassadenprojektion.at\/wp-content\/uploads\/2022\/02\/IMG_20210126_1311257.jpg 1600w\" sizes=\"auto, (max-width: 1024px) 100vw, 1024px\" \/><figcaption>2-D Studioprojektion im Innenbereich: Schaffung digitaler Welten mit Ultra-Weitwikel-Projektoren<\/figcaption><\/figure>\n\n\n\n<p>Im Innenbereich bzw dann, wenn etwaiges (Tages-)Licht wirklich vollst\u00e4dig abgeschirmt werden kann, l\u00e4sst sich auch mit kleieren Projektoren Beeindruckendes realisieren. Auch in beengten Verh\u00e4ltnissen l\u00e4sst sich mit speziellen Ultra-Weitwinkel-Objektiven (Spiegelobjektive) ein gro\u00dfes Bild an die Wand werfen. <\/p>\n\n\n\n<p>Im Au\u00dfenbereich ist mit Beamern \/ Projektoren mit weniger als 10.000 ANSI-Lumen meist wenig anzufangen. Erst ab etwa 20.000 ANSI-Lumen werden Fassadenprojektionen im Au\u00dfenbereich lebendig. In vielen F\u00e4llen liefert zwar auch ein 10.000-12.000 ANSI Lumen Beamer aus unserem Verleih in Wien und Umgebung (St. P\u00f6lten) ein ganz gutes Bild. Erst mit einem noch h\u00f6heren Lichtstrom werden einfache Fassadenprojektionen zum immersiven Erlebnis. <\/p>\n\n\n\n<p>Die Miete von Projektoren bzw. Beamern f\u00fcr eine Fassadenprojektion macht aus wirtschaftlicher Betrachtung f\u00fcr einmalige oder zeitlich begrenzte Aktionen Sinn. Ist die Fassadenprojektion eben als determinierte Aktion geplant, dann ist im Normalfall auch die Genehmigung wesentlich einfacher &#8230;<\/p>\n\n\n\n<p><\/p>\n\n\n\n<h2 class=\"wp-block-heading\" id=\"fassadenprojektion-fixinstallation-beamer-kaufen\">Fassadenprojektion &#8211; Fixinstallation, Beamer kaufen?<\/h2>\n\n\n\n<p>Im Fall einer l\u00e4ngerfristigen oder gar dauerhaften Installatio macht meist der Erwerb eines Projektors Sinn. Wesentlich im Zusammenhang mit Fixinstallationen ist allerdings im Regelfall weniger der Projektor als viel mehr die Frage nach den beh\u00f6rdlichen Genehmigungen. Gerade bei Fassadenprojektionen im \u00f6ffentlichen Bereich sind unz\u00e4hlige Auflagen und Vorschriften zu beachten.<\/p>\n\n\n\n<p>Eine Festinstallation einer Fassadenprojektion im \u00f6ffentlichen Bereich lohnt sich jedenfalls: Bestrahlen Sie Ihr eigenes Firmengeb\u00e4ude und nutzen Sie die Quadratmeter der Au\u00dfenfl\u00e4che zur Kommunikation mit dem Kunden: Nutzen Sie eine fix-installierte Fassadenprojektion zur Nutzung Ihres Objekts \/ Ihres Geb\u00e4udes als digitale Werbefl\u00e4che!<\/p>\n\n\n\n<h2 class=\"wp-block-heading\" id=\"3-d-fassadenprojektion-und-gebaudemapping\">3-D Fassadenprojektion und Geb\u00e4udemapping<\/h2>\n\n\n\n<p>Bei anspruchsvollen Fassadengeometrien m\u00fcssen oft Ein- und Vorspr\u00fcnge ber\u00fccksichtigt werden. Dies geschieht im Idealfall nicht einfach nur durch blo\u00dfes Dr\u00fcberprojizieren, sondern sond Integration der Geb\u00e4ude-Artefakte und -Besonderheiten in die Fassadenprojektion. In so einem Fall ist jedenfalls aber auch vorab digitale eine Schablone (&#8220;Map&#8221;) des Objekts bzw. der Fassade zu erstellen. Mehr dazu: <a href=\"https:\/\/fassadenprojektion.at\/index.php\/3-d-content\/\" data-type=\"page\" data-id=\"90\" target=\"_blank\" rel=\"noreferrer noopener\">3-D Content.<\/a><\/p>\n\n\n\n<h2 class=\"wp-block-heading\" id=\"beamer-verleih-in-wien-und-umgebung-st-polten\">Beamer Verleih in Wien und Umgebung \/ St. P\u00f6lten:<\/h2>\n\n\n\n<p>Mieten Sie Beamer bzw. Projektoren aus unserem Verleih in Wien und Umgebung bzw. St. P\u00f6lten. Aus unserem Verleih mieten Sie Beamer und Projektoren mit bis zu 30.000 ANSI Lumen (Laser). Auch Ger\u00e4te mit 10.000 und 20.000 ANSI Lumen halten wir auf Lager verf\u00fcgbar: <a rel=\"noreferrer noopener\" href=\"http:\/\/www.beamermieten.at\" data-type=\"URL\" data-id=\"www.beamermieten.at\" target=\"_blank\">www.beamermieten.at<\/a><\/p>\n","protected":false},"excerpt":{"rendered":"<p>Fassadenprojektion auf ebene Fl\u00e4chen. Wir realisieren Gro\u00dfbild- und Fassadenprojektionen auf unterschiedliche Objekte. Im einfachsten Fall ist das eine wei\u00dfe Leinwand. Diese erhalten<\/p>\n<p class=\"link-more\"><a class=\"myButt \" href=\"https:\/\/fassadenprojektion.at\/index.php\/2-d-content\/\">Read More<\/a><\/p>\n","protected":false},"author":1,"featured_media":0,"parent":0,"menu_order":0,"comment_status":"closed","ping_status":"closed","template":"","meta":{"footnotes":""},"class_list":["post-89","page","type-page","status-publish","hentry"],"_links":{"self":[{"href":"https:\/\/fassadenprojektion.at\/index.php\/wp-json\/wp\/v2\/pages\/89","targetHints":{"allow":["GET"]}}],"collection":[{"href":"https:\/\/fassadenprojektion.at\/index.php\/wp-json\/wp\/v2\/pages"}],"about":[{"href":"https:\/\/fassadenprojektion.at\/index.php\/wp-json\/wp\/v2\/types\/page"}],"author":[{"embeddable":true,"href":"https:\/\/fassadenprojektion.at\/index.php\/wp-json\/wp\/v2\/users\/1"}],"replies":[{"embeddable":true,"href":"https:\/\/fassadenprojektion.at\/index.php\/wp-json\/wp\/v2\/comments?post=89"}],"version-history":[{"count":8,"href":"https:\/\/fassadenprojektion.at\/index.php\/wp-json\/wp\/v2\/pages\/89\/revisions"}],"predecessor-version":[{"id":146,"href":"https:\/\/fassadenprojektion.at\/index.php\/wp-json\/wp\/v2\/pages\/89\/revisions\/146"}],"wp:attachment":[{"href":"https:\/\/fassadenprojektion.at\/index.php\/wp-json\/wp\/v2\/media?parent=89"}],"curies":[{"name":"wp","href":"https:\/\/api.w.org\/{rel}","templated":true}]}}